{"id":1485,"date":"2023-07-04T12:14:34","date_gmt":"2023-07-04T10:14:34","guid":{"rendered":"https:\/\/www.hotelacadieeragny.com\/?page_id=1485"},"modified":"2025-07-23T15:25:58","modified_gmt":"2025-07-23T13:25:58","slug":"saint-germain-en-laye-foret-chateau","status":"publish","type":"page","link":"https:\/\/www.hotelacadieeragny.com\/en\/surroundings\/saint-germain-en-laye-foret-chateau\/","title":{"rendered":"Saint-Germain-en-Laye: forest and ch\u00e2teau"},"content":{"rendered":"<div data-elementor-type=\"wp-page\" data-elementor-id=\"1485\" class=\"elementor elementor-1485\" data-elementor-post-type=\"page\">\n\t\t\t\t<div class=\"elementor-element elementor-element-21a5f571 e-con-full e-flex e-con e-parent\" data-id=\"21a5f571\" data-element_type=\"container\" data-settings=\"{&quot;background_background&quot;:&quot;classic&quot;}\">\n\t\t\t\t<div class=\"elementor-element elementor-element-2d3625ad elementor-widget elementor-widget-heading\" data-id=\"2d3625ad\" data-element_type=\"widget\" data-widget_type=\"heading.default\">\n\t\t\t\t<div class=\"elementor-widget-container\">\n\t\t\t\t\t<span class=\"elementor-heading-title elementor-size-default\">Saint-Germain-en-Laye: forest and ch\u00e2teau<\/span>\t\t\t\t<\/div>\n\t\t\t\t<\/div>\n\t\t\t\t<div class=\"elementor-element elementor-element-7fcbf83 elementor-widget elementor-widget-heading\" data-id=\"7fcbf83\" data-element_type=\"widget\" data-widget_type=\"heading.default\">\n\t\t\t\t<div class=\"elementor-widget-container\">\n\t\t\t\t\t<h1 class=\"elementor-heading-title elementor-size-default\">Visit Saint Germain en Laye: between royal nature and French history<\/h1>\t\t\t\t<\/div>\n\t\t\t\t<\/div>\n\t\t\t\t<\/div>\n\t\t<div class=\"elementor-element elementor-element-6b265e8f e-con-full e-flex e-con e-parent\" data-id=\"6b265e8f\" data-element_type=\"container\">\n\t\t\t\t<div class=\"elementor-element elementor-element-6cf58dfb elementor-mobile-align-center elementor-widget elementor-widget-button\" data-id=\"6cf58dfb\" data-element_type=\"widget\" data-widget_type=\"button.default\">\n\t\t\t\t<div class=\"elementor-widget-container\">\n\t\t\t\t\t\t\t\t\t<div class=\"elementor-button-wrapper\">\n\t\t\t\t\t<a class=\"elementor-button elementor-button-link elementor-size-sm\" href=\"https:\/\/www.hotelacadieeragny.com\/en\/surroundings\/auvers-sur-oise\/\">\n\t\t\t\t\t\t<span class=\"elementor-button-content-wrapper\">\n\t\t\t\t\t\t<span class=\"elementor-button-icon\">\n\t\t\t\t<i aria-hidden=\"true\" class=\"eliofont eliofont-arrow-left\"><\/i>\t\t\t<\/span>\n\t\t\t\t\t\t\t\t\t<span class=\"elementor-button-text\">Previous destination<\/span>\n\t\t\t\t\t<\/span>\n\t\t\t\t\t<\/a>\n\t\t\t\t<\/div>\n\t\t\t\t\t\t\t\t<\/div>\n\t\t\t\t<\/div>\n\t\t\t\t<div class=\"elementor-element elementor-element-24ece21e elementor-mobile-align-center elementor-widget elementor-widget-button\" data-id=\"24ece21e\" data-element_type=\"widget\" data-widget_type=\"button.default\">\n\t\t\t\t<div class=\"elementor-widget-container\">\n\t\t\t\t\t\t\t\t\t<div class=\"elementor-button-wrapper\">\n\t\t\t\t\t<a class=\"elementor-button elementor-button-link elementor-size-sm\" href=\"https:\/\/www.hotelacadieeragny.com\/en\/surroundings\/saint-germain-en-laye-foret-chateau\/\">\n\t\t\t\t\t\t<span class=\"elementor-button-content-wrapper\">\n\t\t\t\t\t\t<span class=\"elementor-button-icon\">\n\t\t\t\t<i aria-hidden=\"true\" class=\"eliofont eliofont-arrow-right\"><\/i>\t\t\t<\/span>\n\t\t\t\t\t\t\t\t\t<span class=\"elementor-button-text\">Next destination<\/span>\n\t\t\t\t\t<\/span>\n\t\t\t\t\t<\/a>\n\t\t\t\t<\/div>\n\t\t\t\t\t\t\t\t<\/div>\n\t\t\t\t<\/div>\n\t\t\t\t<\/div>\n\t\t<div class=\"elementor-element elementor-element-8b98dc5 e-con-full fade-bloc e-flex e-con e-parent\" data-id=\"8b98dc5\" data-element_type=\"container\" data-settings=\"{&quot;background_background&quot;:&quot;classic&quot;}\">\n\t\t<div class=\"elementor-element elementor-element-ab57f8e e-con-full fade-content e-flex e-con e-child\" data-id=\"ab57f8e\" data-element_type=\"container\" data-settings=\"{&quot;background_background&quot;:&quot;classic&quot;}\">\n\t\t<div class=\"elementor-element elementor-element-a5cfbd0 e-flex e-con-boxed e-con e-child\" data-id=\"a5cfbd0\" data-element_type=\"container\">\n\t\t\t\t\t<div class=\"e-con-inner\">\n\t\t\t\t<div class=\"elementor-element elementor-element-411b5c9 fade-title elementor-widget elementor-widget-heading\" data-id=\"411b5c9\" data-element_type=\"widget\" data-widget_type=\"heading.default\">\n\t\t\t\t<div class=\"elementor-widget-container\">\n\t\t\t\t\t<h2 class=\"elementor-heading-title elementor-size-default\">A perfect balance between heritage and nature<\/h2>\t\t\t\t<\/div>\n\t\t\t\t<\/div>\n\t\t\t\t<div class=\"elementor-element elementor-element-b2743e7 fade-text elementor-widget elementor-widget-text-editor\" data-id=\"b2743e7\" data-element_type=\"widget\" data-widget_type=\"text-editor.default\">\n\t\t\t\t<div class=\"elementor-widget-container\">\n\t\t\t\t\t\t\t\t\t<p data-start=\"262\" data-end=\"560\">Just 30 minutes from our establishment, <strong data-start=\"309\" data-end=\"342\">visit Saint Germain en Laye<\/strong> offers a unique blend of historic heritage and fresh air. This elegant town, perched high above the Seine, has a rich royal past and a beautiful national forest.<\/p><p data-start=\"262\" data-end=\"560\">\u00a0<\/p><p data-start=\"562\" data-end=\"945\">Start your visit at the imposing <strong data-start=\"600\" data-end=\"636\">Saint Germain en Laye Castle<\/strong>the former residence of the kings of France. It now houses the <strong data-start=\"702\" data-end=\"735\">National Archaeology Museum<\/strong>The ch\u00e2teau boasts an exceptional collection spanning more than 30,000 years of history. The ch\u00e2teau opens onto a vast terrace designed by Le N\u00f4tre, offering spectacular views over Paris and the Seine valley.<\/p><p data-start=\"562\" data-end=\"945\">\u00a0<\/p><p data-start=\"947\" data-end=\"1229\">After culture, it's time for nature: the <strong data-start=\"988\" data-end=\"1014\">Saint Germain forest<\/strong>Covering more than 3,500 hectares, it's the perfect place for a walk or bike ride under the centuries-old oak trees. It's an ideal place to recharge your batteries, observe the local wildlife or simply enjoy the peace and quiet.<\/p><p data-start=\"947\" data-end=\"1229\">\u00a0<\/p><p data-start=\"1231\" data-end=\"1377\"><strong data-start=\"1231\" data-end=\"1264\">Visiting Saint Germain en Laye<\/strong>This is the perfect way to enjoy a relaxing and rewarding getaway.<\/p>\t\t\t\t\t\t\t\t<\/div>\n\t\t\t\t<\/div>\n\t\t\t\t\t<\/div>\n\t\t\t\t<\/div>\n\t\t\t\t<\/div>\n\t\t<div class=\"elementor-element elementor-element-69440c2 e-con-full e-flex e-con e-child\" data-id=\"69440c2\" data-element_type=\"container\" data-settings=\"{&quot;background_background&quot;:&quot;classic&quot;}\">\n\t\t\t\t<\/div>\n\t\t\t\t<\/div>\n\t\t\t\t<\/div>","protected":false},"excerpt":{"rendered":"<p>Visit Saint Germain en Laye: between royal nature and French history Previous destination Next destination A perfect balance between heritage and nature Just 30 minutes from our establishment, a visit to Saint Germain en Laye offers a unique blend of historic heritage and fresh air. This elegant town, perched high above the [...]<\/p>","protected":false},"author":13,"featured_media":0,"parent":67,"menu_order":0,"comment_status":"closed","ping_status":"closed","template":"","meta":{"_acf_changed":false,"inline_featured_image":false,"footnotes":""},"class_list":["post-1485","page","type-page","status-publish","hentry"],"acf":[],"_links":{"self":[{"href":"https:\/\/www.hotelacadieeragny.com\/en\/wp-json\/wp\/v2\/pages\/1485","targetHints":{"allow":["GET"]}}],"collection":[{"href":"https:\/\/www.hotelacadieeragny.com\/en\/wp-json\/wp\/v2\/pages"}],"about":[{"href":"https:\/\/www.hotelacadieeragny.com\/en\/wp-json\/wp\/v2\/types\/page"}],"author":[{"embeddable":true,"href":"https:\/\/www.hotelacadieeragny.com\/en\/wp-json\/wp\/v2\/users\/13"}],"replies":[{"embeddable":true,"href":"https:\/\/www.hotelacadieeragny.com\/en\/wp-json\/wp\/v2\/comments?post=1485"}],"version-history":[{"count":56,"href":"https:\/\/www.hotelacadieeragny.com\/en\/wp-json\/wp\/v2\/pages\/1485\/revisions"}],"predecessor-version":[{"id":4191,"href":"https:\/\/www.hotelacadieeragny.com\/en\/wp-json\/wp\/v2\/pages\/1485\/revisions\/4191"}],"up":[{"embeddable":true,"href":"https:\/\/www.hotelacadieeragny.com\/en\/wp-json\/wp\/v2\/pages\/67"}],"wp:attachment":[{"href":"https:\/\/www.hotelacadieeragny.com\/en\/wp-json\/wp\/v2\/media?parent=1485"}],"curies":[{"name":"wp","href":"https:\/\/api.w.org\/{rel}","templated":true}]}}